{"id":39,"date":"2021-02-17T17:24:25","date_gmt":"2021-02-17T16:24:25","guid":{"rendered":"http:\/\/sitnopharma.sk\/?page_id=39"},"modified":"2026-01-14T08:16:32","modified_gmt":"2026-01-14T07:16:32","slug":"nasi-partneri","status":"publish","type":"page","link":"https:\/\/sitnopharma.sk\/en\/nasi-partneri\/","title":{"rendered":"Our partners"},"content":{"rendered":"<div data-elementor-type=\"wp-page\" data-elementor-id=\"39\" class=\"elementor elementor-39\" data-elementor-post-type=\"page\">\n\t\t\t\t\t\t<section class=\"has_ae_slider elementor-section elementor-top-section elementor-element elementor-element-8b2aa8a elementor-section-boxed elementor-section-height-default elementor-section-height-default ae-bg-gallery-type-default\" data-id=\"8b2aa8a\" data-element_type=\"section\" data-e-type=\"section\">\n\t\t\t\t\t\t<div class=\"elementor-container elementor-column-gap-default\">\n\t\t\t\t\t<div class=\"has_ae_slider elementor-column elementor-col-50 elementor-top-column elementor-element elementor-element-c2c2410 elementor-hidden-phone ae-bg-gallery-type-default\" data-id=\"c2c2410\" data-element_type=\"column\" data-e-type=\"column\" data-settings=\"{&quot;background_background&quot;:&quot;classic&quot;}\">\n\t\t\t<div class=\"elementor-widget-wrap elementor-element-populated\">\n\t\t\t\t\t\t<div class=\"elementor-element elementor-element-0d378c8 elementor-widget elementor-widget-spacer\" data-id=\"0d378c8\" data-element_type=\"widget\" data-e-type=\"widget\" data-widget_type=\"spacer.default\">\n\t\t\t\t<div class=\"elementor-widget-container\">\n\t\t\t\t\t\t\t<div class=\"elementor-spacer\">\n\t\t\t<div class=\"elementor-spacer-inner\"><\/div>\n\t\t<\/div>\n\t\t\t\t\t\t<\/div>\n\t\t\t\t<\/div>\n\t\t\t\t\t<\/div>\n\t\t<\/div>\n\t\t\t\t<div class=\"has_ae_slider elementor-column elementor-col-50 elementor-top-column elementor-element elementor-element-eda87c4 ae-bg-gallery-type-default\" data-id=\"eda87c4\" data-element_type=\"column\" data-e-type=\"column\">\n\t\t\t<div class=\"elementor-widget-wrap elementor-element-populated\">\n\t\t\t\t\t\t<div class=\"elementor-element elementor-element-a1d0b68 elementor-widget elementor-widget-heading\" data-id=\"a1d0b68\" data-element_type=\"widget\" data-e-type=\"widget\" data-widget_type=\"heading.default\">\n\t\t\t\t<div class=\"elementor-widget-container\">\n\t\t\t\t\t<h1 class=\"elementor-heading-title elementor-size-default\">SITNO PHARMA<\/h1>\t\t\t\t<\/div>\n\t\t\t\t<\/div>\n\t\t\t\t<div class=\"elementor-element elementor-element-0fc2ae8 elementor-widget elementor-widget-heading\" data-id=\"0fc2ae8\" data-element_type=\"widget\" data-e-type=\"widget\" data-widget_type=\"heading.default\">\n\t\t\t\t<div class=\"elementor-widget-container\">\n\t\t\t\t\t<h2 class=\"elementor-heading-title elementor-size-default\">OUR PARTNERS<\/h2>\t\t\t\t<\/div>\n\t\t\t\t<\/div>\n\t\t\t\t<div class=\"elementor-element elementor-element-11726d7 elementor-widget elementor-widget-text-editor\" data-id=\"11726d7\" data-element_type=\"widget\" data-e-type=\"widget\" data-widget_type=\"text-editor.default\">\n\t\t\t\t<div class=\"elementor-widget-container\">\n\t\t\t\t\t\t\t\t\tOur strategy is to bring together research and development activities in the field of natural and technical sciences and integrate toxicological services for pharmaceutical products, medical devices and chemical substances.\t\t\t\t\t\t\t\t<\/div>\n\t\t\t\t<\/div>\n\t\t\t\t<section class=\"has_ae_slider elementor-section elementor-inner-section elementor-element elementor-element-014f508 elementor-section-height-min-height elementor-section-boxed elementor-section-height-default ae-bg-gallery-type-default\" data-id=\"014f508\" data-element_type=\"section\" data-e-type=\"section\">\n\t\t\t\t\t\t<div class=\"elementor-container elementor-column-gap-default\">\n\t\t\t\t\t<div class=\"has_ae_slider elementor-column elementor-col-33 elementor-inner-column elementor-element elementor-element-4293390 ae-bg-gallery-type-default\" data-id=\"4293390\" data-element_type=\"column\" data-e-type=\"column\" data-settings=\"{&quot;background_background&quot;:&quot;classic&quot;}\">\n\t\t\t<div class=\"elementor-widget-wrap elementor-element-populated\">\n\t\t\t\t\t\t<div class=\"elementor-element elementor-element-539d04d elementor-widget elementor-widget-text-editor\" data-id=\"539d04d\" data-element_type=\"widget\" data-e-type=\"widget\" data-widget_type=\"text-editor.default\">\n\t\t\t\t<div class=\"elementor-widget-container\">\n\t\t\t\t\t\t\t\t\t<p><strong>Hemo Medika Groups<\/strong><br \/><a href=\"http:\/\/www.hemomedika.eu\/\" target=\"_blank\" rel=\"noopener\">www.hemomedika.eu<\/a><\/p>\t\t\t\t\t\t\t\t<\/div>\n\t\t\t\t<\/div>\n\t\t\t\t\t<\/div>\n\t\t<\/div>\n\t\t\t\t<div class=\"has_ae_slider elementor-column elementor-col-33 elementor-inner-column elementor-element elementor-element-029d1b8 ae-bg-gallery-type-default\" data-id=\"029d1b8\" data-element_type=\"column\" data-e-type=\"column\" data-settings=\"{&quot;background_background&quot;:&quot;classic&quot;}\">\n\t\t\t<div class=\"elementor-widget-wrap elementor-element-populated\">\n\t\t\t\t\t\t<div class=\"elementor-element elementor-element-a80bc5f elementor-widget elementor-widget-text-editor\" data-id=\"a80bc5f\" data-element_type=\"widget\" data-e-type=\"widget\" data-widget_type=\"text-editor.default\">\n\t\t\t\t<div class=\"elementor-widget-container\">\n\t\t\t\t\t\t\t\t\t<p><strong>InterBioTox<\/strong><br \/><a href=\"http:\/\/www.interbiotox.com\/\" target=\"_blank\" rel=\"noopener\">www.interbiotox.com<\/a><\/p>\t\t\t\t\t\t\t\t<\/div>\n\t\t\t\t<\/div>\n\t\t\t\t\t<\/div>\n\t\t<\/div>\n\t\t\t\t<div class=\"has_ae_slider elementor-column elementor-col-33 elementor-inner-column elementor-element elementor-element-8a19ff9 ae-bg-gallery-type-default\" data-id=\"8a19ff9\" data-element_type=\"column\" data-e-type=\"column\" data-settings=\"{&quot;background_background&quot;:&quot;classic&quot;}\">\n\t\t\t<div class=\"elementor-widget-wrap elementor-element-populated\">\n\t\t\t\t\t\t<div class=\"elementor-element elementor-element-14e69bb elementor-widget elementor-widget-text-editor\" data-id=\"14e69bb\" data-element_type=\"widget\" data-e-type=\"widget\" data-widget_type=\"text-editor.default\">\n\t\t\t\t<div class=\"elementor-widget-container\">\n\t\t\t\t\t\t\t\t\t<p><strong>Omics4Health<\/strong><br \/><a href=\"http:\/\/www.omics4health.sk\" target=\"_blank\" rel=\"noopener\">www.omics4health.sk<\/a><\/p>\t\t\t\t\t\t\t\t<\/div>\n\t\t\t\t<\/div>\n\t\t\t\t\t<\/div>\n\t\t<\/div>\n\t\t\t\t\t<\/div>\n\t\t<\/section>\n\t\t\t\t<section class=\"has_ae_slider elementor-section elementor-inner-section elementor-element elementor-element-fe1884f elementor-section-height-min-height elementor-section-boxed elementor-section-height-default ae-bg-gallery-type-default\" data-id=\"fe1884f\" data-element_type=\"section\" data-e-type=\"section\">\n\t\t\t\t\t\t<div class=\"elementor-container elementor-column-gap-default\">\n\t\t\t\t\t<div class=\"has_ae_slider elementor-column elementor-col-33 elementor-inner-column elementor-element elementor-element-ab0af02 ae-bg-gallery-type-default\" data-id=\"ab0af02\" data-element_type=\"column\" data-e-type=\"column\" data-settings=\"{&quot;background_background&quot;:&quot;classic&quot;}\">\n\t\t\t<div class=\"elementor-widget-wrap elementor-element-populated\">\n\t\t\t\t\t\t<div class=\"elementor-element elementor-element-84af802 elementor-widget elementor-widget-text-editor\" data-id=\"84af802\" data-element_type=\"widget\" data-e-type=\"widget\" data-widget_type=\"text-editor.default\">\n\t\t\t\t<div class=\"elementor-widget-container\">\n\t\t\t\t\t\t\t\t\t<p><strong>Chemick\u00fd \u00fastav Slovenskej akad\u00e9mie vied<\/strong><br \/><a href=\"http:\/\/www.chem.sk\/\" target=\"_blank\" rel=\"noopener\">www.chem.sk<\/a><\/p>\t\t\t\t\t\t\t\t<\/div>\n\t\t\t\t<\/div>\n\t\t\t\t\t<\/div>\n\t\t<\/div>\n\t\t\t\t<div class=\"has_ae_slider elementor-column elementor-col-33 elementor-inner-column elementor-element elementor-element-775677f ae-bg-gallery-type-default\" data-id=\"775677f\" data-element_type=\"column\" data-e-type=\"column\" data-settings=\"{&quot;background_background&quot;:&quot;classic&quot;}\">\n\t\t\t<div class=\"elementor-widget-wrap elementor-element-populated\">\n\t\t\t\t\t\t<div class=\"elementor-element elementor-element-286b3e0 elementor-widget elementor-widget-text-editor\" data-id=\"286b3e0\" data-element_type=\"widget\" data-e-type=\"widget\" data-widget_type=\"text-editor.default\">\n\t\t\t\t<div class=\"elementor-widget-container\">\n\t\t\t\t\t\t\t\t\t<p><strong>Farmex, Ukrajina<\/strong><br \/><a href=\"http:\/\/www.pharmex.com.ua\" target=\"_blank\" rel=\"noopener\">www.pharmex.com.ua<\/a><\/p>\t\t\t\t\t\t\t\t<\/div>\n\t\t\t\t<\/div>\n\t\t\t\t\t<\/div>\n\t\t<\/div>\n\t\t\t\t<div class=\"has_ae_slider elementor-column elementor-col-33 elementor-inner-column elementor-element elementor-element-e17764d ae-bg-gallery-type-default\" data-id=\"e17764d\" data-element_type=\"column\" data-e-type=\"column\" data-settings=\"{&quot;background_background&quot;:&quot;classic&quot;}\">\n\t\t\t<div class=\"elementor-widget-wrap elementor-element-populated\">\n\t\t\t\t\t\t<div class=\"elementor-element elementor-element-578ca22 elementor-widget elementor-widget-text-editor\" data-id=\"578ca22\" data-element_type=\"widget\" data-e-type=\"widget\" data-widget_type=\"text-editor.default\">\n\t\t\t\t<div class=\"elementor-widget-container\">\n\t\t\t\t\t\t\t\t\t<p><strong>Zdorovye, Ukrajina<\/strong><br \/><a href=\"http:\/\/www.zt.com.ua\/\" target=\"_blank\" rel=\"noopener\">www.zt.com.ua<\/a><\/p>\t\t\t\t\t\t\t\t<\/div>\n\t\t\t\t<\/div>\n\t\t\t\t\t<\/div>\n\t\t<\/div>\n\t\t\t\t\t<\/div>\n\t\t<\/section>\n\t\t\t\t<section class=\"has_ae_slider elementor-section elementor-inner-section elementor-element elementor-element-7a3950e elementor-section-height-min-height elementor-section-boxed elementor-section-height-default ae-bg-gallery-type-default\" data-id=\"7a3950e\" data-element_type=\"section\" data-e-type=\"section\">\n\t\t\t\t\t\t<div class=\"elementor-container elementor-column-gap-default\">\n\t\t\t\t\t<div class=\"has_ae_slider elementor-column elementor-col-33 elementor-inner-column elementor-element elementor-element-29e14b0 ae-bg-gallery-type-default\" data-id=\"29e14b0\" data-element_type=\"column\" data-e-type=\"column\" data-settings=\"{&quot;background_background&quot;:&quot;classic&quot;}\">\n\t\t\t<div class=\"elementor-widget-wrap elementor-element-populated\">\n\t\t\t\t\t\t<div class=\"elementor-element elementor-element-5f68206 elementor-widget elementor-widget-text-editor\" data-id=\"5f68206\" data-element_type=\"widget\" data-e-type=\"widget\" data-widget_type=\"text-editor.default\">\n\t\t\t\t<div class=\"elementor-widget-container\">\n\t\t\t\t\t\t\t\t\t<p><strong>N\u00e1rodn\u00e9 po\u013enohospod\u00e1rske a potravin\u00e1rske centrum<\/strong><br \/><a href=\"http:\/\/www.nppc.sk\">www.nppc.sk<\/a>\u00a0<\/p>\t\t\t\t\t\t\t\t<\/div>\n\t\t\t\t<\/div>\n\t\t\t\t\t<\/div>\n\t\t<\/div>\n\t\t\t\t<div class=\"has_ae_slider elementor-column elementor-col-33 elementor-inner-column elementor-element elementor-element-f93763b ae-bg-gallery-type-default\" data-id=\"f93763b\" data-element_type=\"column\" data-e-type=\"column\" data-settings=\"{&quot;background_background&quot;:&quot;classic&quot;}\">\n\t\t\t<div class=\"elementor-widget-wrap elementor-element-populated\">\n\t\t\t\t\t\t<div class=\"elementor-element elementor-element-dd72889 elementor-widget elementor-widget-text-editor\" data-id=\"dd72889\" data-element_type=\"widget\" data-e-type=\"widget\" data-widget_type=\"text-editor.default\">\n\t\t\t\t<div class=\"elementor-widget-container\">\n\t\t\t\t\t\t\t\t\t<strong>CNS-Eurogrants<\/strong>\n<a href=\"http:\/\/www.cns-e.eu\">www.cns-e.eu<\/a>\t\t\t\t\t\t\t\t<\/div>\n\t\t\t\t<\/div>\n\t\t\t\t\t<\/div>\n\t\t<\/div>\n\t\t\t\t<div class=\"has_ae_slider elementor-column elementor-col-33 elementor-inner-column elementor-element elementor-element-f7d0243 ae-bg-gallery-type-default\" data-id=\"f7d0243\" data-element_type=\"column\" data-e-type=\"column\" data-settings=\"{&quot;background_background&quot;:&quot;classic&quot;}\">\n\t\t\t<div class=\"elementor-widget-wrap elementor-element-populated\">\n\t\t\t\t\t\t<div class=\"elementor-element elementor-element-9a5d887 elementor-widget elementor-widget-text-editor\" data-id=\"9a5d887\" data-element_type=\"widget\" data-e-type=\"widget\" data-widget_type=\"text-editor.default\">\n\t\t\t\t<div class=\"elementor-widget-container\">\n\t\t\t\t\t\t\t\t\t<p><strong>Calendula,a.s.<\/strong><br \/><a href=\"http:\/\/www.calendula.sk\">www.calendula.sk<\/a><\/p>\t\t\t\t\t\t\t\t<\/div>\n\t\t\t\t<\/div>\n\t\t\t\t\t<\/div>\n\t\t<\/div>\n\t\t\t\t\t<\/div>\n\t\t<\/section>\n\t\t\t\t<section class=\"has_ae_slider elementor-section elementor-inner-section elementor-element elementor-element-a894020 elementor-section-height-min-height elementor-section-boxed elementor-section-height-default ae-bg-gallery-type-default\" data-id=\"a894020\" data-element_type=\"section\" data-e-type=\"section\">\n\t\t\t\t\t\t<div class=\"elementor-container elementor-column-gap-default\">\n\t\t\t\t\t<div class=\"has_ae_slider elementor-column elementor-col-33 elementor-inner-column elementor-element elementor-element-1e17765 ae-bg-gallery-type-default\" data-id=\"1e17765\" data-element_type=\"column\" data-e-type=\"column\" data-settings=\"{&quot;background_background&quot;:&quot;classic&quot;}\">\n\t\t\t<div class=\"elementor-widget-wrap elementor-element-populated\">\n\t\t\t\t\t\t<div class=\"elementor-element elementor-element-fbcab1b elementor-widget elementor-widget-text-editor\" data-id=\"fbcab1b\" data-element_type=\"widget\" data-e-type=\"widget\" data-widget_type=\"text-editor.default\">\n\t\t\t\t<div class=\"elementor-widget-container\">\n\t\t\t\t\t\t\t\t\t<p style=\"font-weight: 400;\"><strong>Centrum experiment\u00e1lnej medic\u00edny SAV, \u00a0v.v.i.<\/strong> <a href=\"http:\/\/www.cem.sav.sk\/\">www.cem.sav.sk<\/a><\/p>\t\t\t\t\t\t\t\t<\/div>\n\t\t\t\t<\/div>\n\t\t\t\t\t<\/div>\n\t\t<\/div>\n\t\t\t\t<div class=\"has_ae_slider elementor-column elementor-col-33 elementor-inner-column elementor-element elementor-element-31a1032 ae-bg-gallery-type-default\" data-id=\"31a1032\" data-element_type=\"column\" data-e-type=\"column\" data-settings=\"{&quot;background_background&quot;:&quot;classic&quot;}\">\n\t\t\t<div class=\"elementor-widget-wrap elementor-element-populated\">\n\t\t\t\t\t\t<div class=\"elementor-element elementor-element-73cb134 elementor-widget elementor-widget-text-editor\" data-id=\"73cb134\" data-element_type=\"widget\" data-e-type=\"widget\" data-widget_type=\"text-editor.default\">\n\t\t\t\t<div class=\"elementor-widget-container\">\n\t\t\t\t\t\t\t\t\t<p style=\"font-weight: 400;\"><strong>Synkola s.r.o.<\/strong> <a href=\"http:\/\/www.synkola.sk\/\">www.synkola.sk<\/a><\/p>\t\t\t\t\t\t\t\t<\/div>\n\t\t\t\t<\/div>\n\t\t\t\t\t<\/div>\n\t\t<\/div>\n\t\t\t\t<div class=\"has_ae_slider elementor-column elementor-col-33 elementor-inner-column elementor-element elementor-element-6975b54 ae-bg-gallery-type-default\" data-id=\"6975b54\" data-element_type=\"column\" data-e-type=\"column\">\n\t\t\t<div class=\"elementor-widget-wrap\">\n\t\t\t\t\t\t\t<\/div>\n\t\t<\/div>\n\t\t\t\t\t<\/div>\n\t\t<\/section>\n\t\t\t\t\t<\/div>\n\t\t<\/div>\n\t\t\t\t\t<\/div>\n\t\t<\/section>\n\t\t\t\t<\/div>","protected":false},"excerpt":{"rendered":"<p>SITNO PHARMA NA\u0160I PARTNERI Na\u0161ou strat\u00e9giou je spoji\u0165 v\u00fdskumn\u00e9 a v\u00fdvojov\u00e9 aktivity v oblasti pr\u00edrodn\u00fdch a technick\u00fdch vied a integrova\u0165 toxikologick\u00e9 slu\u017eby pre farmaceutick\u00e9 v\u00fdrobky, zdravotn\u00edcke pom\u00f4cky a chemick\u00e9 l\u00e1tky. Hemo Medika Groupswww.hemomedika.eu InterBioToxwww.interbiotox.com Omics4Healthwww.omics4health.sk Chemick\u00fd \u00fastav Slovenskej akad\u00e9mie viedwww.chem.sk Farmex, Ukrajinawww.pharmex.com.ua Zdorovye, Ukrajinawww.zt.com.ua N\u00e1rodn\u00e9 po\u013enohospod\u00e1rske a potravin\u00e1rske centrumwww.nppc.sk\u00a0 CNS-Eurogrants www.cns-e.eu Calendula,a.s.www.calendula.sk Centrum experiment\u00e1lnej medic\u00edny [&hellip;]<\/p>\n","protected":false},"author":1,"featured_media":0,"parent":0,"menu_order":0,"comment_status":"closed","ping_status":"closed","template":"","meta":{"footnotes":""},"class_list":["post-39","page","type-page","status-publish","hentry"],"yoast_head":"<!-- This site is optimized with the Yoast SEO plugin v27.5 - https:\/\/yoast.com\/product\/yoast-seo-wordpress\/ -->\n<title>Na\u0161i partneri - Sitnopharma<\/title>\n<meta name=\"robots\" content=\"index, follow, max-snippet:-1, max-image-preview:large, max-video-preview:-1\" \/>\n<link rel=\"canonical\" href=\"https:\/\/sitnopharma.sk\/en\/nasi-partneri\/\" \/>\n<meta property=\"og:locale\" content=\"en_US\" \/>\n<meta property=\"og:type\" content=\"article\" \/>\n<meta property=\"og:title\" content=\"Na\u0161i partneri - Sitnopharma\" \/>\n<meta property=\"og:description\" content=\"SITNO PHARMA NA\u0160I PARTNERI Na\u0161ou strat\u00e9giou je spoji\u0165 v\u00fdskumn\u00e9 a v\u00fdvojov\u00e9 aktivity v oblasti pr\u00edrodn\u00fdch a technick\u00fdch vied a integrova\u0165 toxikologick\u00e9 slu\u017eby pre farmaceutick\u00e9 v\u00fdrobky, zdravotn\u00edcke pom\u00f4cky a chemick\u00e9 l\u00e1tky. Hemo Medika Groupswww.hemomedika.eu InterBioToxwww.interbiotox.com Omics4Healthwww.omics4health.sk Chemick\u00fd \u00fastav Slovenskej akad\u00e9mie viedwww.chem.sk Farmex, Ukrajinawww.pharmex.com.ua Zdorovye, Ukrajinawww.zt.com.ua N\u00e1rodn\u00e9 po\u013enohospod\u00e1rske a potravin\u00e1rske centrumwww.nppc.sk\u00a0 CNS-Eurogrants www.cns-e.eu Calendula,a.s.www.calendula.sk Centrum experiment\u00e1lnej medic\u00edny [&hellip;]\" \/>\n<meta property=\"og:url\" content=\"https:\/\/sitnopharma.sk\/en\/nasi-partneri\/\" \/>\n<meta property=\"og:site_name\" content=\"Sitnopharma\" \/>\n<meta property=\"article:modified_time\" content=\"2026-01-14T07:16:32+00:00\" \/>\n<meta name=\"twitter:card\" content=\"summary_large_image\" \/>\n<meta name=\"twitter:label1\" content=\"Est. reading time\" \/>\n\t<meta name=\"twitter:data1\" content=\"1 minute\" \/>\n<script type=\"application\/ld+json\" class=\"yoast-schema-graph\">{\"@context\":\"https:\\\/\\\/schema.org\",\"@graph\":[{\"@type\":\"WebPage\",\"@id\":\"https:\\\/\\\/sitnopharma.sk\\\/nasi-partneri\\\/\",\"url\":\"https:\\\/\\\/sitnopharma.sk\\\/nasi-partneri\\\/\",\"name\":\"Na\u0161i partneri - Sitnopharma\",\"isPartOf\":{\"@id\":\"https:\\\/\\\/sitnopharma.sk\\\/#website\"},\"datePublished\":\"2021-02-17T16:24:25+00:00\",\"dateModified\":\"2026-01-14T07:16:32+00:00\",\"breadcrumb\":{\"@id\":\"https:\\\/\\\/sitnopharma.sk\\\/nasi-partneri\\\/#breadcrumb\"},\"inLanguage\":\"en-US\",\"potentialAction\":[{\"@type\":\"ReadAction\",\"target\":[\"https:\\\/\\\/sitnopharma.sk\\\/nasi-partneri\\\/\"]}]},{\"@type\":\"BreadcrumbList\",\"@id\":\"https:\\\/\\\/sitnopharma.sk\\\/nasi-partneri\\\/#breadcrumb\",\"itemListElement\":[{\"@type\":\"ListItem\",\"position\":1,\"name\":\"Domovsk\u00e1 str\u00e1nka\",\"item\":\"https:\\\/\\\/sitnopharma.sk\\\/\"},{\"@type\":\"ListItem\",\"position\":2,\"name\":\"Na\u0161i partneri\"}]},{\"@type\":\"WebSite\",\"@id\":\"https:\\\/\\\/sitnopharma.sk\\\/#website\",\"url\":\"https:\\\/\\\/sitnopharma.sk\\\/\",\"name\":\"Sitnopharma\",\"description\":\"Sp\u00e1jame \u013eud\u00ed a biznis\",\"publisher\":{\"@id\":\"https:\\\/\\\/sitnopharma.sk\\\/#organization\"},\"potentialAction\":[{\"@type\":\"SearchAction\",\"target\":{\"@type\":\"EntryPoint\",\"urlTemplate\":\"https:\\\/\\\/sitnopharma.sk\\\/?s={search_term_string}\"},\"query-input\":{\"@type\":\"PropertyValueSpecification\",\"valueRequired\":true,\"valueName\":\"search_term_string\"}}],\"inLanguage\":\"en-US\"},{\"@type\":\"Organization\",\"@id\":\"https:\\\/\\\/sitnopharma.sk\\\/#organization\",\"name\":\"Sitno Pharma, Ltd.\",\"url\":\"https:\\\/\\\/sitnopharma.sk\\\/\",\"logo\":{\"@type\":\"ImageObject\",\"inLanguage\":\"en-US\",\"@id\":\"https:\\\/\\\/sitnopharma.sk\\\/#\\\/schema\\\/logo\\\/image\\\/\",\"url\":\"https:\\\/\\\/sitnopharma.sk\\\/wp-content\\\/uploads\\\/2021\\\/02\\\/sitnopharma-logo.svg\",\"contentUrl\":\"https:\\\/\\\/sitnopharma.sk\\\/wp-content\\\/uploads\\\/2021\\\/02\\\/sitnopharma-logo.svg\",\"width\":1,\"height\":1,\"caption\":\"Sitno Pharma, Ltd.\"},\"image\":{\"@id\":\"https:\\\/\\\/sitnopharma.sk\\\/#\\\/schema\\\/logo\\\/image\\\/\"}}]}<\/script>\n<!-- \/ Yoast SEO plugin. -->","yoast_head_json":{"title":"Na\u0161i partneri - Sitnopharma","robots":{"index":"index","follow":"follow","max-snippet":"max-snippet:-1","max-image-preview":"max-image-preview:large","max-video-preview":"max-video-preview:-1"},"canonical":"https:\/\/sitnopharma.sk\/en\/nasi-partneri\/","og_locale":"en_US","og_type":"article","og_title":"Na\u0161i partneri - Sitnopharma","og_description":"SITNO PHARMA NA\u0160I PARTNERI Na\u0161ou strat\u00e9giou je spoji\u0165 v\u00fdskumn\u00e9 a v\u00fdvojov\u00e9 aktivity v oblasti pr\u00edrodn\u00fdch a technick\u00fdch vied a integrova\u0165 toxikologick\u00e9 slu\u017eby pre farmaceutick\u00e9 v\u00fdrobky, zdravotn\u00edcke pom\u00f4cky a chemick\u00e9 l\u00e1tky. Hemo Medika Groupswww.hemomedika.eu InterBioToxwww.interbiotox.com Omics4Healthwww.omics4health.sk Chemick\u00fd \u00fastav Slovenskej akad\u00e9mie viedwww.chem.sk Farmex, Ukrajinawww.pharmex.com.ua Zdorovye, Ukrajinawww.zt.com.ua N\u00e1rodn\u00e9 po\u013enohospod\u00e1rske a potravin\u00e1rske centrumwww.nppc.sk\u00a0 CNS-Eurogrants www.cns-e.eu Calendula,a.s.www.calendula.sk Centrum experiment\u00e1lnej medic\u00edny [&hellip;]","og_url":"https:\/\/sitnopharma.sk\/en\/nasi-partneri\/","og_site_name":"Sitnopharma","article_modified_time":"2026-01-14T07:16:32+00:00","twitter_card":"summary_large_image","twitter_misc":{"Est. reading time":"1 minute"},"schema":{"@context":"https:\/\/schema.org","@graph":[{"@type":"WebPage","@id":"https:\/\/sitnopharma.sk\/nasi-partneri\/","url":"https:\/\/sitnopharma.sk\/nasi-partneri\/","name":"Na\u0161i partneri - Sitnopharma","isPartOf":{"@id":"https:\/\/sitnopharma.sk\/#website"},"datePublished":"2021-02-17T16:24:25+00:00","dateModified":"2026-01-14T07:16:32+00:00","breadcrumb":{"@id":"https:\/\/sitnopharma.sk\/nasi-partneri\/#breadcrumb"},"inLanguage":"en-US","potentialAction":[{"@type":"ReadAction","target":["https:\/\/sitnopharma.sk\/nasi-partneri\/"]}]},{"@type":"BreadcrumbList","@id":"https:\/\/sitnopharma.sk\/nasi-partneri\/#breadcrumb","itemListElement":[{"@type":"ListItem","position":1,"name":"Domovsk\u00e1 str\u00e1nka","item":"https:\/\/sitnopharma.sk\/"},{"@type":"ListItem","position":2,"name":"Na\u0161i partneri"}]},{"@type":"WebSite","@id":"https:\/\/sitnopharma.sk\/#website","url":"https:\/\/sitnopharma.sk\/","name":"Sitnopharma","description":"Sp\u00e1jame \u013eud\u00ed a biznis","publisher":{"@id":"https:\/\/sitnopharma.sk\/#organization"},"potentialAction":[{"@type":"SearchAction","target":{"@type":"EntryPoint","urlTemplate":"https:\/\/sitnopharma.sk\/?s={search_term_string}"},"query-input":{"@type":"PropertyValueSpecification","valueRequired":true,"valueName":"search_term_string"}}],"inLanguage":"en-US"},{"@type":"Organization","@id":"https:\/\/sitnopharma.sk\/#organization","name":"Sitno Pharma, Ltd.","url":"https:\/\/sitnopharma.sk\/","logo":{"@type":"ImageObject","inLanguage":"en-US","@id":"https:\/\/sitnopharma.sk\/#\/schema\/logo\/image\/","url":"https:\/\/sitnopharma.sk\/wp-content\/uploads\/2021\/02\/sitnopharma-logo.svg","contentUrl":"https:\/\/sitnopharma.sk\/wp-content\/uploads\/2021\/02\/sitnopharma-logo.svg","width":1,"height":1,"caption":"Sitno Pharma, Ltd."},"image":{"@id":"https:\/\/sitnopharma.sk\/#\/schema\/logo\/image\/"}}]}},"_links":{"self":[{"href":"https:\/\/sitnopharma.sk\/en\/wp-json\/wp\/v2\/pages\/39","targetHints":{"allow":["GET"]}}],"collection":[{"href":"https:\/\/sitnopharma.sk\/en\/wp-json\/wp\/v2\/pages"}],"about":[{"href":"https:\/\/sitnopharma.sk\/en\/wp-json\/wp\/v2\/types\/page"}],"author":[{"embeddable":true,"href":"https:\/\/sitnopharma.sk\/en\/wp-json\/wp\/v2\/users\/1"}],"replies":[{"embeddable":true,"href":"https:\/\/sitnopharma.sk\/en\/wp-json\/wp\/v2\/comments?post=39"}],"version-history":[{"count":82,"href":"https:\/\/sitnopharma.sk\/en\/wp-json\/wp\/v2\/pages\/39\/revisions"}],"predecessor-version":[{"id":1546,"href":"https:\/\/sitnopharma.sk\/en\/wp-json\/wp\/v2\/pages\/39\/revisions\/1546"}],"wp:attachment":[{"href":"https:\/\/sitnopharma.sk\/en\/wp-json\/wp\/v2\/media?parent=39"}],"curies":[{"name":"wp","href":"https:\/\/api.w.org\/{rel}","templated":true}]}}